{"id":3548,"date":"2023-04-04T00:23:54","date_gmt":"2023-04-03T20:53:54","guid":{"rendered":"http:\/\/amir-shahabi.com\/m1\/%d8%b1%d8%b3%d8%a7%d9%86%d9%87\/"},"modified":"2025-03-26T17:17:30","modified_gmt":"2025-03-26T13:47:30","slug":"medias","status":"publish","type":"page","link":"https:\/\/amir-shahabi.com\/m\/fr\/medias\/","title":{"rendered":"m\u00e9dias"},"content":{"rendered":"<p><section data-kc-equalheight=\"true\" data-kc-equalheight-align=\"middle\" class=\"kc-elm kc-css-558919 kc_row\"><div class=\"kc-row-container  kc-container\"><div class=\"kc-wrap-columns\"><div class=\"kc-elm kc-css-90098 kc_col-sm-6 kc_column kc_col-sm-6\"><div class=\"kc-col-container\"><div class=\"kc-elm kc-css-840695 kc-feature-boxes kc-fb-layout-1\">\n\n\t<div class=\"content-icon\"><i class=\"fa-podcast\"><\/i><\/div><div class=\"content-title\">2017<\/div><div class=\"content-desc\">Le fichier audio de certaines conversations (langue persane) du programme en direct est donn\u00e9 ci-dessous, qui peut \u00eatre consult\u00e9 et \u00e9cout\u00e9 selon le sujet.\r\n<\/div><div class=\"content-button\"><a href=\"https:\/\/amir-shahabi.com\/m\/podcast1396\/\" target=\"_self\" title=\"2017\">En savoir plus<\/a><\/div>\n<\/div>\n<\/div><\/div><div class=\"kc-elm kc-css-32672 kc_col-sm-6 kc_column kc_col-sm-6\"><div class=\"kc-col-container\"><div class=\"kc-elm kc-css-807864 kc-feature-boxes kc-fb-layout-1\">\n\n\t<div class=\"content-icon\"><i class=\"fa-podcast\"><\/i><\/div><div class=\"content-title\">2018<\/div><div class=\"content-desc\">Le fichier audio de certaines conversations (langue persane) du programme en direct est donn\u00e9 ci-dessous, qui peut \u00eatre consult\u00e9 et \u00e9cout\u00e9 selon le sujet.\r\n\r\n<\/div><div class=\"content-button\"><a href=\"https:\/\/amir-shahabi.com\/m\/podcast1397\/\" target=\"_self\" title=\"2018\">En savoir plus<\/a><\/div>\n<\/div>\n<\/div><\/div><\/div><\/div><\/section><section data-kc-equalheight=\"true\" data-kc-equalheight-align=\"middle\" class=\"kc-elm kc-css-485612 kc_row\"><div class=\"kc-row-container  kc-container\"><div class=\"kc-wrap-columns\"><div class=\"kc-elm kc-css-568142 kc_col-sm-6 kc_column kc_col-sm-6\"><div class=\"kc-col-container\"><div class=\"kc-elm kc-css-32783 kc-feature-boxes kc-fb-layout-1\">\n\n\t<div class=\"content-icon\"><i class=\"fa-podcast\"><\/i><\/div><div class=\"content-title\">2019<\/div><div class=\"content-desc\">Le fichier audio de certaines conversations (langue persane) du programme en direct est donn\u00e9 ci-dessous, qui peut \u00eatre consult\u00e9 et \u00e9cout\u00e9 selon le sujet.\r\n\r\n<\/div><div class=\"content-button\"><a href=\"https:\/\/amir-shahabi.com\/m\/podcast1398\/\" target=\"_self\" title=\"2019\">En savoir plus<\/a><\/div>\n<\/div>\n<\/div><\/div><div class=\"kc-elm kc-css-812630 kc_col-sm-6 kc_column kc_col-sm-6\"><div class=\"kc-col-container\"><div class=\"kc-elm kc-css-414564 kc-feature-boxes kc-fb-layout-1\">\n\n\t<div class=\"content-icon\"><i class=\"fa-podcast\"><\/i><\/div><div class=\"content-title\">2020<\/div><div class=\"content-desc\">Le fichier audio de certaines conversations (langue persane) du programme en direct est donn\u00e9 ci-dessous, qui peut \u00eatre consult\u00e9 et \u00e9cout\u00e9 selon le sujet.\r\n\r\n<\/div><div class=\"content-button\"><a href=\"https:\/\/amir-shahabi.com\/m\/podcast1399\/\" target=\"_self\" title=\"2020\">En savoir plus<\/a><\/div>\n<\/div>\n<\/div><\/div><\/div><\/div><\/section><section data-kc-equalheight=\"true\" data-kc-equalheight-align=\"middle\" class=\"kc-elm kc-css-993627 kc_row\"><div class=\"kc-row-container  kc-container\"><div class=\"kc-wrap-columns\"><div class=\"kc-elm kc-css-821359 kc_col-sm-6 kc_column kc_col-sm-6\"><div class=\"kc-col-container\"><div class=\"kc-elm kc-css-779628 kc-feature-boxes kc-fb-layout-1\">\n\n\t<div class=\"content-icon\"><i class=\"fa-podcast\"><\/i><\/div><div class=\"content-title\">2021<\/div><div class=\"content-desc\">Le fichier audio de certaines conversations (langue persane) du programme en direct est donn\u00e9 ci-dessous, qui peut \u00eatre consult\u00e9 et \u00e9cout\u00e9 selon le sujet.\r\n\r\n<\/div><div class=\"content-button\"><a href=\"https:\/\/amir-shahabi.com\/m\/podcast1400\/\" target=\"_self\" title=\"2021\">En savoir plus<\/a><\/div>\n<\/div>\n<\/div><\/div><div class=\"kc-elm kc-css-504522 kc_col-sm-6 kc_column kc_col-sm-6\"><div class=\"kc-col-container\"><div class=\"kc-elm kc-css-869925 kc-feature-boxes kc-fb-layout-1\">\n\n\t<div class=\"content-icon\"><i class=\"fa-podcast\"><\/i><\/div><div class=\"content-title\">2022<\/div><div class=\"content-desc\">Le fichier audio de certaines conversations (langue persane) du programme en direct est donn\u00e9 ci-dessous, qui peut \u00eatre consult\u00e9 et \u00e9cout\u00e9 selon le sujet.\r\n\r\n<\/div><div class=\"content-button\"><a href=\"https:\/\/amir-shahabi.com\/m\/podcast1401\/\" target=\"_self\" title=\"2022\">En savoir plus<\/a><\/div>\n<\/div>\n<\/div><\/div><\/div><\/div><\/section><section data-kc-equalheight=\"true\" data-kc-equalheight-align=\"middle\" class=\"kc-elm kc-css-83528 kc_row\"><div class=\"kc-row-container  kc-container\"><div class=\"kc-wrap-columns\"><div class=\"kc-elm kc-css-911087 kc_col-sm-6 kc_column kc_col-sm-6\"><div class=\"kc-col-container\"><div class=\"kc-elm kc-css-739486 kc-feature-boxes kc-fb-layout-1\">\n\n\t<div class=\"content-icon\"><i class=\"fa-podcast\"><\/i><\/div><div class=\"content-title\">2023<\/div><div class=\"content-desc\">Le fichier audio de certaines conversations (langue persane) du programme en direct est donn\u00e9 ci-dessous, qui peut \u00eatre consult\u00e9 et \u00e9cout\u00e9 selon le sujet.\r\n\r\n<\/div><div class=\"content-button\"><a href=\"https:\/\/amir-shahabi.com\/m\/podcast1402\/\" target=\"_self\" title=\"2023\">En savoir plus<\/a><\/div>\n<\/div>\n<\/div><\/div><div class=\"kc-elm kc-css-835898 kc_col-sm-6 kc_column kc_col-sm-6\"><div class=\"kc-col-container\"><div class=\"kc-elm kc-css-654798 kc-feature-boxes kc-fb-layout-1\">\n\n\t<div class=\"content-icon\"><i class=\"fa-podcast\"><\/i><\/div><div class=\"content-title\">2024<\/div><div class=\"content-desc\">Le fichier audio de certaines conversations (langue persane) du programme en direct est donn\u00e9 ci-dessous, qui peut \u00eatre consult\u00e9 et \u00e9cout\u00e9 selon le sujet.\r\n\r\n<\/div><div class=\"content-button\"><a href=\"https:\/\/amir-shahabi.com\/m\/1403-2\/\" target=\"_self\" title=\"2024\">En savoir plus<\/a><\/div>\n<\/div>\n<\/div><\/div><\/div><\/div><\/section><section data-kc-equalheight=\"true\" data-kc-equalheight-align=\"middle\" class=\"kc-elm kc-css-671541 kc_row\"><div class=\"kc-row-container  kc-container\"><div class=\"kc-wrap-columns\"><div class=\"kc-elm kc-css-88749 kc_col-sm-6 kc_column kc_col-sm-6\"><div class=\"kc-col-container\"><div class=\"kc-elm kc-css-908354 kc-feature-boxes kc-fb-layout-1\">\n\n\t<div class=\"content-icon\"><i class=\"fa-podcast\"><\/i><\/div><div class=\"content-title\">2025<\/div><div class=\"content-desc\">Le fichier audio de certaines conversations (langue persane) du programme en direct est donn\u00e9 ci-dessous, qui peut \u00eatre consult\u00e9 et \u00e9cout\u00e9 selon le sujet.\r\n\r\n<\/div><div class=\"content-button\"><a href=\"https:\/\/amir-shahabi.com\/m\/en\/1404-2\/\" target=\"_self\" title=\"2025\">En savoir plus<\/a><\/div>\n<\/div>\n<\/div><\/div><div class=\"kc-elm kc-css-222024 kc_col-sm-6 kc_column kc_col-sm-6\"><div class=\"kc-col-container\"><\/div><\/div><\/div><\/div><\/section><\/p>\n","protected":false},"excerpt":{"rendered":"","protected":false},"author":1,"featured_media":0,"parent":0,"menu_order":0,"comment_status":"closed","ping_status":"closed","template":"","meta":{"footnotes":""},"class_list":["post-3548","page","type-page","status-publish","hentry"],"yoast_head":"<!-- This site is optimized with the Yoast SEO Premium plugin v20.0 (Yoast SEO v20.5) - https:\/\/yoast.com\/wordpress\/plugins\/seo\/ -->\n<title>m\u00e9dias - Amir Shahabi<\/title>\n<meta name=\"robots\" content=\"index, follow, max-snippet:-1, max-image-preview:large, max-video-preview:-1\" \/>\n<link rel=\"canonical\" href=\"https:\/\/amir-shahabi.com\/m\/fr\/medias\/\" \/>\n<meta property=\"og:locale\" content=\"fr_FR\" \/>\n<meta property=\"og:type\" content=\"article\" \/>\n<meta property=\"og:title\" content=\"m\u00e9dias - Amir Shahabi\" \/>\n<meta property=\"og:description\" content=\"2017 Le fichier audio de certaines conversations (langue persane) du programme en direct est donn\u00e9 ci-dessous, qui peut \u00eatre consult\u00e9 et \u00e9cout\u00e9 selon le sujet. En savoir plus 2018 Le fichier audio de certaines conversations (langue persane) du programme en direct est donn\u00e9 ci-dessous, qui peut \u00eatre consult\u00e9 et \u00e9cout\u00e9 selon le sujet. En savoir [&hellip;]\" \/>\n<meta property=\"og:url\" content=\"https:\/\/amir-shahabi.com\/m\/fr\/medias\/\" \/>\n<meta property=\"og:site_name\" content=\"Amir Shahabi\" \/>\n<meta property=\"article:publisher\" content=\"https:\/\/m.facebook.com\/profile.php?v=info&amp;id=100005255985285&amp;nocollections\" \/>\n<meta property=\"article:modified_time\" content=\"2025-03-26T13:47:30+00:00\" \/>\n<meta property=\"og:image\" content=\"https:\/\/amir-shahabi.com\/m\/wp-content\/uploads\/2019\/09\/Amir3-scaled.jpg\" \/>\n\t<meta property=\"og:image:width\" content=\"2560\" \/>\n\t<meta property=\"og:image:height\" content=\"1920\" \/>\n\t<meta property=\"og:image:type\" content=\"image\/jpeg\" \/>\n<meta name=\"twitter:card\" content=\"summary_large_image\" \/>\n<meta name=\"twitter:site\" content=\"@amir__shahabi\" \/>\n<meta name=\"twitter:label1\" content=\"Dur\u00e9e de lecture estim\u00e9e\" \/>\n\t<meta name=\"twitter:data1\" content=\"2 minutes\" \/>\n<script type=\"application\/ld+json\" class=\"yoast-schema-graph\">{\"@context\":\"https:\/\/schema.org\",\"@graph\":[{\"@type\":\"WebPage\",\"@id\":\"https:\/\/amir-shahabi.com\/m\/fr\/medias\/\",\"url\":\"https:\/\/amir-shahabi.com\/m\/fr\/medias\/\",\"name\":\"m\u00e9dias - Amir Shahabi\",\"isPartOf\":{\"@id\":\"https:\/\/amir-shahabi.com\/m\/fr\/#website\"},\"datePublished\":\"2023-04-03T20:53:54+00:00\",\"dateModified\":\"2025-03-26T13:47:30+00:00\",\"inLanguage\":\"fr-FR\",\"potentialAction\":[{\"@type\":\"ReadAction\",\"target\":[\"https:\/\/amir-shahabi.com\/m\/fr\/medias\/\"]}]},{\"@type\":\"WebSite\",\"@id\":\"https:\/\/amir-shahabi.com\/m\/fr\/#website\",\"url\":\"https:\/\/amir-shahabi.com\/m\/fr\/\",\"name\":\"Amir Shahabi\",\"description\":\"Official WebSite\",\"publisher\":{\"@id\":\"https:\/\/amir-shahabi.com\/m\/fr\/#\/schema\/person\/6fdd6b0fef520ff302abdf9401a2a293\"},\"potentialAction\":[{\"@type\":\"SearchAction\",\"target\":{\"@type\":\"EntryPoint\",\"urlTemplate\":\"https:\/\/amir-shahabi.com\/m\/fr\/?s={search_term_string}\"},\"query-input\":\"required name=search_term_string\"}],\"inLanguage\":\"fr-FR\"},{\"@type\":[\"Person\",\"Organization\"],\"@id\":\"https:\/\/amir-shahabi.com\/m\/fr\/#\/schema\/person\/6fdd6b0fef520ff302abdf9401a2a293\",\"name\":\"amir shahabi\",\"image\":{\"@type\":\"ImageObject\",\"inLanguage\":\"fr-FR\",\"@id\":\"https:\/\/amir-shahabi.com\/m\/fr\/#\/schema\/person\/image\/\",\"url\":\"http:\/\/amir-shahabi.com\/m\/wp-content\/uploads\/2019\/09\/Amir3-scaled.jpg\",\"contentUrl\":\"http:\/\/amir-shahabi.com\/m\/wp-content\/uploads\/2019\/09\/Amir3-scaled.jpg\",\"width\":2560,\"height\":1920,\"caption\":\"amir shahabi\"},\"logo\":{\"@id\":\"https:\/\/amir-shahabi.com\/m\/fr\/#\/schema\/person\/image\/\"},\"sameAs\":[\"http:\/\/amir-shshabi.com\",\"https:\/\/m.facebook.com\/profile.php?v=info&id=100005255985285&nocollections\",\"http:\/\/instagram.com\/amir___shahabi\/\",\"https:\/\/twitter.com\/https:\/\/twitter.com\/amir__shahabi\"]}]}<\/script>\n<!-- \/ Yoast SEO Premium plugin. -->","yoast_head_json":{"title":"m\u00e9dias - Amir Shahabi","robots":{"index":"index","follow":"follow","max-snippet":"max-snippet:-1","max-image-preview":"max-image-preview:large","max-video-preview":"max-video-preview:-1"},"canonical":"https:\/\/amir-shahabi.com\/m\/fr\/medias\/","og_locale":"fr_FR","og_type":"article","og_title":"m\u00e9dias - Amir Shahabi","og_description":"2017 Le fichier audio de certaines conversations (langue persane) du programme en direct est donn\u00e9 ci-dessous, qui peut \u00eatre consult\u00e9 et \u00e9cout\u00e9 selon le sujet. En savoir plus 2018 Le fichier audio de certaines conversations (langue persane) du programme en direct est donn\u00e9 ci-dessous, qui peut \u00eatre consult\u00e9 et \u00e9cout\u00e9 selon le sujet. En savoir [&hellip;]","og_url":"https:\/\/amir-shahabi.com\/m\/fr\/medias\/","og_site_name":"Amir Shahabi","article_publisher":"https:\/\/m.facebook.com\/profile.php?v=info&id=100005255985285&nocollections","article_modified_time":"2025-03-26T13:47:30+00:00","og_image":[{"width":2560,"height":1920,"url":"https:\/\/amir-shahabi.com\/m\/wp-content\/uploads\/2019\/09\/Amir3-scaled.jpg","type":"image\/jpeg"}],"twitter_card":"summary_large_image","twitter_site":"@amir__shahabi","twitter_misc":{"Dur\u00e9e de lecture estim\u00e9e":"2 minutes"},"schema":{"@context":"https:\/\/schema.org","@graph":[{"@type":"WebPage","@id":"https:\/\/amir-shahabi.com\/m\/fr\/medias\/","url":"https:\/\/amir-shahabi.com\/m\/fr\/medias\/","name":"m\u00e9dias - Amir Shahabi","isPartOf":{"@id":"https:\/\/amir-shahabi.com\/m\/fr\/#website"},"datePublished":"2023-04-03T20:53:54+00:00","dateModified":"2025-03-26T13:47:30+00:00","inLanguage":"fr-FR","potentialAction":[{"@type":"ReadAction","target":["https:\/\/amir-shahabi.com\/m\/fr\/medias\/"]}]},{"@type":"WebSite","@id":"https:\/\/amir-shahabi.com\/m\/fr\/#website","url":"https:\/\/amir-shahabi.com\/m\/fr\/","name":"Amir Shahabi","description":"Official WebSite","publisher":{"@id":"https:\/\/amir-shahabi.com\/m\/fr\/#\/schema\/person\/6fdd6b0fef520ff302abdf9401a2a293"},"potentialAction":[{"@type":"SearchAction","target":{"@type":"EntryPoint","urlTemplate":"https:\/\/amir-shahabi.com\/m\/fr\/?s={search_term_string}"},"query-input":"required name=search_term_string"}],"inLanguage":"fr-FR"},{"@type":["Person","Organization"],"@id":"https:\/\/amir-shahabi.com\/m\/fr\/#\/schema\/person\/6fdd6b0fef520ff302abdf9401a2a293","name":"amir shahabi","image":{"@type":"ImageObject","inLanguage":"fr-FR","@id":"https:\/\/amir-shahabi.com\/m\/fr\/#\/schema\/person\/image\/","url":"http:\/\/amir-shahabi.com\/m\/wp-content\/uploads\/2019\/09\/Amir3-scaled.jpg","contentUrl":"http:\/\/amir-shahabi.com\/m\/wp-content\/uploads\/2019\/09\/Amir3-scaled.jpg","width":2560,"height":1920,"caption":"amir shahabi"},"logo":{"@id":"https:\/\/amir-shahabi.com\/m\/fr\/#\/schema\/person\/image\/"},"sameAs":["http:\/\/amir-shshabi.com","https:\/\/m.facebook.com\/profile.php?v=info&id=100005255985285&nocollections","http:\/\/instagram.com\/amir___shahabi\/","https:\/\/twitter.com\/https:\/\/twitter.com\/amir__shahabi"]}]}},"_links":{"self":[{"href":"https:\/\/amir-shahabi.com\/m\/fr\/wp-json\/wp\/v2\/pages\/3548","targetHints":{"allow":["GET"]}}],"collection":[{"href":"https:\/\/amir-shahabi.com\/m\/fr\/wp-json\/wp\/v2\/pages"}],"about":[{"href":"https:\/\/amir-shahabi.com\/m\/fr\/wp-json\/wp\/v2\/types\/page"}],"author":[{"embeddable":true,"href":"https:\/\/amir-shahabi.com\/m\/fr\/wp-json\/wp\/v2\/users\/1"}],"replies":[{"embeddable":true,"href":"https:\/\/amir-shahabi.com\/m\/fr\/wp-json\/wp\/v2\/comments?post=3548"}],"version-history":[{"count":11,"href":"https:\/\/amir-shahabi.com\/m\/fr\/wp-json\/wp\/v2\/pages\/3548\/revisions"}],"predecessor-version":[{"id":4651,"href":"https:\/\/amir-shahabi.com\/m\/fr\/wp-json\/wp\/v2\/pages\/3548\/revisions\/4651"}],"wp:attachment":[{"href":"https:\/\/amir-shahabi.com\/m\/fr\/wp-json\/wp\/v2\/media?parent=3548"}],"curies":[{"name":"wp","href":"https:\/\/api.w.org\/{rel}","templated":true}]}}