{"id":592,"date":"2023-02-27T21:46:27","date_gmt":"2023-02-27T18:16:27","guid":{"rendered":"http:\/\/amir-shahabi.com\/m1\/about\/"},"modified":"2026-04-24T10:32:35","modified_gmt":"2026-04-24T07:02:35","slug":"about-amir-shahabi","status":"publish","type":"page","link":"https:\/\/amir-shahabi.com\/m\/fr\/about-amir-shahabi\/","title":{"rendered":"Sur"},"content":{"rendered":"<section data-kc-equalheight=\"true\" data-kc-equalheight-align=\"middle\" class=\"kc-elm kc-css-279536 kc_row\"><div class=\"kc-row-container  kc-container\"><div class=\"kc-wrap-columns\"><div class=\"kc-elm kc-css-77176 kc_col-sm-8 kc_column kc_col-sm-8\"><div class=\"kc-col-container\"><div class=\"kc-elm kc-css-740517 kc_text_block\"><\/p>\n<p>Il a commenc\u00e9 \u00e0 apprendre la musique pendant son enfance en se concentrant sur la musique classique europ\u00e9enne.\u00a0<span style=\"font-style: inherit;\">Apr\u00e8s plusieurs ann\u00e9es d\u2019efforts dans ce domaine, et afin de compl\u00e9ter sa formation acad\u00e9mique, il a poursuivi ses \u00e9tudes jusqu\u2019au doctorat.<\/span><span style=\"font-style: inherit;\">\u00a0Son instrument est le piano et son r\u00e9pertoire de jeu, vari\u00e9 du baroque au contemporain, s\u2019est compl\u00e9t\u00e9 au fil des ans.<\/span><\/p>\n<p>Aussi, en tendant vers l\u2019improvisation et suivant les tendances musicales du d\u00e9but du 20e si\u00e8cle aux \u00c9tats-Unis, il s\u2019int\u00e9resse au jazz et transcrit un nombre d`improvisations de cette musique ; \u00c0 cet \u00e9gard, il a pr\u00e9par\u00e9 et publi\u00e9 le Jazz Piano Tutorial en 2016.<\/p>\n<p>Consid\u00e9rant le d\u00e9sir croissant des jeunes d\u2019\u00e9tudier la musique et l\u2019ing\u00e9nierie du son, l\u2019enseignement \u00e0 l\u2019universit\u00e9 est l\u2019une de ses pr\u00e9occupations, et avec une attitude acad\u00e9mique, il guide les \u00e9tudiants int\u00e9ress\u00e9s sur le chemin d\u2019une formation actualis\u00e9e et pratique.<\/p>\n<p>Participer aux programmes des m\u00e9dias d\u2019\u00c9tat en tant qu\u2019expert, critique et chercheur comprend un autre aspect de ses actions. Il tente d\u2019\u00e9tablir un lien entre les passionn\u00e9s et les experts de cet art en pr\u00e9sentant les recherches men\u00e9es, en pr\u00e9sentant les livres publi\u00e9s et en discutant avec les militants de ce domaine tout en abordant certains sujets moins familiers pour le public.<\/p>\n<p>En plus des efforts ci-dessus, la coop\u00e9ration avec des groupes de musique de diff\u00e9rents styles et l\u2019exp\u00e9rience de nombreuses performances \u00e0 l\u2019int\u00e9rieur et \u00e0 l\u2019ext\u00e9rieur du pays sous forme de festivals, de concours et de concerts peuvent \u00eatre vues dans son parcours professionnel.<\/p>\n<p>De plus, il est dipl\u00f4m\u00e9 en g\u00e9nie \u00e9lectronique et en traitant du domaine commun entre les deux sciences de la musique et de l\u2019\u00e9lectronique, il a tent\u00e9 d\u2019\u00e9tudier l\u2019analyse et le traitement des signaux sonores de mani\u00e8re efficace et dans un cadre scientifique. Le potentiel des deux domaines discut\u00e9s fournit un domaine qui n\u00e9cessite une recherche de grande envergure pour actualiser les objectifs souhait\u00e9s. Parmi ses domaines d\u2019expertise figurent les sujets li\u00e9s \u00e0 l\u2019\u00e9chantillonnage et au filtrage audio, ainsi que la conception de circuits convertisseurs analogique-num\u00e9rique.<\/p>\n<p>\n<\/div><\/div><\/div><div class=\"kc-elm kc-css-382770 kc_col-sm-4 kc_column kc_col-sm-4\"><div class=\"kc-col-container\"><\/div><\/div><\/div><\/div><\/section>\n","protected":false},"excerpt":{"rendered":"","protected":false},"author":1,"featured_media":0,"parent":0,"menu_order":0,"comment_status":"closed","ping_status":"closed","template":"","meta":{"footnotes":""},"class_list":["post-592","page","type-page","status-publish","hentry"],"yoast_head":"<!-- This site is optimized with the Yoast SEO Premium plugin v20.0 (Yoast SEO v20.5) - https:\/\/yoast.com\/wordpress\/plugins\/seo\/ -->\n<title>Sur - Amir Shahabi<\/title>\n<meta name=\"robots\" content=\"index, follow, max-snippet:-1, max-image-preview:large, max-video-preview:-1\" \/>\n<link rel=\"canonical\" href=\"https:\/\/amir-shahabi.com\/m\/fr\/about-amir-shahabi\/\" \/>\n<meta property=\"og:locale\" content=\"fr_FR\" \/>\n<meta property=\"og:type\" content=\"article\" \/>\n<meta property=\"og:title\" content=\"Sur - Amir Shahabi\" \/>\n<meta property=\"og:description\" content=\"Il a commenc\u00e9 \u00e0 apprendre la musique pendant son enfance en se concentrant sur la musique classique europ\u00e9enne.\u00a0Apr\u00e8s plusieurs ann\u00e9es d\u2019efforts dans ce domaine, et afin de compl\u00e9ter sa formation acad\u00e9mique, il a poursuivi ses \u00e9tudes jusqu\u2019au doctorat.\u00a0Son instrument est le piano et son r\u00e9pertoire de jeu, vari\u00e9 du baroque au contemporain, s\u2019est compl\u00e9t\u00e9 au [&hellip;]\" \/>\n<meta property=\"og:url\" content=\"https:\/\/amir-shahabi.com\/m\/fr\/about-amir-shahabi\/\" \/>\n<meta property=\"og:site_name\" content=\"Amir Shahabi\" \/>\n<meta property=\"article:publisher\" content=\"https:\/\/m.facebook.com\/profile.php?v=info&amp;id=100005255985285&amp;nocollections\" \/>\n<meta property=\"article:modified_time\" content=\"2026-04-24T07:02:35+00:00\" \/>\n<meta property=\"og:image\" content=\"https:\/\/amir-shahabi.com\/m\/wp-content\/uploads\/2019\/09\/Amir3-scaled.jpg\" \/>\n\t<meta property=\"og:image:width\" content=\"2560\" \/>\n\t<meta property=\"og:image:height\" content=\"1920\" \/>\n\t<meta property=\"og:image:type\" content=\"image\/jpeg\" \/>\n<meta name=\"twitter:card\" content=\"summary_large_image\" \/>\n<meta name=\"twitter:site\" content=\"@amir__shahabi\" \/>\n<meta name=\"twitter:label1\" content=\"Dur\u00e9e de lecture estim\u00e9e\" \/>\n\t<meta name=\"twitter:data1\" content=\"2 minutes\" \/>\n<script type=\"application\/ld+json\" class=\"yoast-schema-graph\">{\"@context\":\"https:\/\/schema.org\",\"@graph\":[{\"@type\":\"WebPage\",\"@id\":\"https:\/\/amir-shahabi.com\/m\/fr\/about-amir-shahabi\/\",\"url\":\"https:\/\/amir-shahabi.com\/m\/fr\/about-amir-shahabi\/\",\"name\":\"Sur - Amir Shahabi\",\"isPartOf\":{\"@id\":\"https:\/\/amir-shahabi.com\/m\/fr\/#website\"},\"datePublished\":\"2023-02-27T18:16:27+00:00\",\"dateModified\":\"2026-04-24T07:02:35+00:00\",\"inLanguage\":\"fr-FR\",\"potentialAction\":[{\"@type\":\"ReadAction\",\"target\":[\"https:\/\/amir-shahabi.com\/m\/fr\/about-amir-shahabi\/\"]}]},{\"@type\":\"WebSite\",\"@id\":\"https:\/\/amir-shahabi.com\/m\/fr\/#website\",\"url\":\"https:\/\/amir-shahabi.com\/m\/fr\/\",\"name\":\"Amir Shahabi\",\"description\":\"Official WebSite\",\"publisher\":{\"@id\":\"https:\/\/amir-shahabi.com\/m\/fr\/#\/schema\/person\/6fdd6b0fef520ff302abdf9401a2a293\"},\"potentialAction\":[{\"@type\":\"SearchAction\",\"target\":{\"@type\":\"EntryPoint\",\"urlTemplate\":\"https:\/\/amir-shahabi.com\/m\/fr\/?s={search_term_string}\"},\"query-input\":\"required name=search_term_string\"}],\"inLanguage\":\"fr-FR\"},{\"@type\":[\"Person\",\"Organization\"],\"@id\":\"https:\/\/amir-shahabi.com\/m\/fr\/#\/schema\/person\/6fdd6b0fef520ff302abdf9401a2a293\",\"name\":\"amir shahabi\",\"image\":{\"@type\":\"ImageObject\",\"inLanguage\":\"fr-FR\",\"@id\":\"https:\/\/amir-shahabi.com\/m\/fr\/#\/schema\/person\/image\/\",\"url\":\"http:\/\/amir-shahabi.com\/m\/wp-content\/uploads\/2019\/09\/Amir3-scaled.jpg\",\"contentUrl\":\"http:\/\/amir-shahabi.com\/m\/wp-content\/uploads\/2019\/09\/Amir3-scaled.jpg\",\"width\":2560,\"height\":1920,\"caption\":\"amir shahabi\"},\"logo\":{\"@id\":\"https:\/\/amir-shahabi.com\/m\/fr\/#\/schema\/person\/image\/\"},\"sameAs\":[\"http:\/\/amir-shshabi.com\",\"https:\/\/m.facebook.com\/profile.php?v=info&id=100005255985285&nocollections\",\"http:\/\/instagram.com\/amir___shahabi\/\",\"https:\/\/twitter.com\/https:\/\/twitter.com\/amir__shahabi\"]}]}<\/script>\n<!-- \/ Yoast SEO Premium plugin. -->","yoast_head_json":{"title":"Sur - Amir Shahabi","robots":{"index":"index","follow":"follow","max-snippet":"max-snippet:-1","max-image-preview":"max-image-preview:large","max-video-preview":"max-video-preview:-1"},"canonical":"https:\/\/amir-shahabi.com\/m\/fr\/about-amir-shahabi\/","og_locale":"fr_FR","og_type":"article","og_title":"Sur - Amir Shahabi","og_description":"Il a commenc\u00e9 \u00e0 apprendre la musique pendant son enfance en se concentrant sur la musique classique europ\u00e9enne.\u00a0Apr\u00e8s plusieurs ann\u00e9es d\u2019efforts dans ce domaine, et afin de compl\u00e9ter sa formation acad\u00e9mique, il a poursuivi ses \u00e9tudes jusqu\u2019au doctorat.\u00a0Son instrument est le piano et son r\u00e9pertoire de jeu, vari\u00e9 du baroque au contemporain, s\u2019est compl\u00e9t\u00e9 au [&hellip;]","og_url":"https:\/\/amir-shahabi.com\/m\/fr\/about-amir-shahabi\/","og_site_name":"Amir Shahabi","article_publisher":"https:\/\/m.facebook.com\/profile.php?v=info&id=100005255985285&nocollections","article_modified_time":"2026-04-24T07:02:35+00:00","og_image":[{"width":2560,"height":1920,"url":"https:\/\/amir-shahabi.com\/m\/wp-content\/uploads\/2019\/09\/Amir3-scaled.jpg","type":"image\/jpeg"}],"twitter_card":"summary_large_image","twitter_site":"@amir__shahabi","twitter_misc":{"Dur\u00e9e de lecture estim\u00e9e":"2 minutes"},"schema":{"@context":"https:\/\/schema.org","@graph":[{"@type":"WebPage","@id":"https:\/\/amir-shahabi.com\/m\/fr\/about-amir-shahabi\/","url":"https:\/\/amir-shahabi.com\/m\/fr\/about-amir-shahabi\/","name":"Sur - Amir Shahabi","isPartOf":{"@id":"https:\/\/amir-shahabi.com\/m\/fr\/#website"},"datePublished":"2023-02-27T18:16:27+00:00","dateModified":"2026-04-24T07:02:35+00:00","inLanguage":"fr-FR","potentialAction":[{"@type":"ReadAction","target":["https:\/\/amir-shahabi.com\/m\/fr\/about-amir-shahabi\/"]}]},{"@type":"WebSite","@id":"https:\/\/amir-shahabi.com\/m\/fr\/#website","url":"https:\/\/amir-shahabi.com\/m\/fr\/","name":"Amir Shahabi","description":"Official WebSite","publisher":{"@id":"https:\/\/amir-shahabi.com\/m\/fr\/#\/schema\/person\/6fdd6b0fef520ff302abdf9401a2a293"},"potentialAction":[{"@type":"SearchAction","target":{"@type":"EntryPoint","urlTemplate":"https:\/\/amir-shahabi.com\/m\/fr\/?s={search_term_string}"},"query-input":"required name=search_term_string"}],"inLanguage":"fr-FR"},{"@type":["Person","Organization"],"@id":"https:\/\/amir-shahabi.com\/m\/fr\/#\/schema\/person\/6fdd6b0fef520ff302abdf9401a2a293","name":"amir shahabi","image":{"@type":"ImageObject","inLanguage":"fr-FR","@id":"https:\/\/amir-shahabi.com\/m\/fr\/#\/schema\/person\/image\/","url":"http:\/\/amir-shahabi.com\/m\/wp-content\/uploads\/2019\/09\/Amir3-scaled.jpg","contentUrl":"http:\/\/amir-shahabi.com\/m\/wp-content\/uploads\/2019\/09\/Amir3-scaled.jpg","width":2560,"height":1920,"caption":"amir shahabi"},"logo":{"@id":"https:\/\/amir-shahabi.com\/m\/fr\/#\/schema\/person\/image\/"},"sameAs":["http:\/\/amir-shshabi.com","https:\/\/m.facebook.com\/profile.php?v=info&id=100005255985285&nocollections","http:\/\/instagram.com\/amir___shahabi\/","https:\/\/twitter.com\/https:\/\/twitter.com\/amir__shahabi"]}]}},"_links":{"self":[{"href":"https:\/\/amir-shahabi.com\/m\/fr\/wp-json\/wp\/v2\/pages\/592","targetHints":{"allow":["GET"]}}],"collection":[{"href":"https:\/\/amir-shahabi.com\/m\/fr\/wp-json\/wp\/v2\/pages"}],"about":[{"href":"https:\/\/amir-shahabi.com\/m\/fr\/wp-json\/wp\/v2\/types\/page"}],"author":[{"embeddable":true,"href":"https:\/\/amir-shahabi.com\/m\/fr\/wp-json\/wp\/v2\/users\/1"}],"replies":[{"embeddable":true,"href":"https:\/\/amir-shahabi.com\/m\/fr\/wp-json\/wp\/v2\/comments?post=592"}],"version-history":[{"count":15,"href":"https:\/\/amir-shahabi.com\/m\/fr\/wp-json\/wp\/v2\/pages\/592\/revisions"}],"predecessor-version":[{"id":4745,"href":"https:\/\/amir-shahabi.com\/m\/fr\/wp-json\/wp\/v2\/pages\/592\/revisions\/4745"}],"wp:attachment":[{"href":"https:\/\/amir-shahabi.com\/m\/fr\/wp-json\/wp\/v2\/media?parent=592"}],"curies":[{"name":"wp","href":"https:\/\/api.w.org\/{rel}","templated":true}]}}